{"id":22,"date":"2023-06-26T10:44:01","date_gmt":"2023-06-26T10:44:01","guid":{"rendered":"https:\/\/diverpatinplaya.com\/?page_id=22"},"modified":"2023-06-26T11:54:59","modified_gmt":"2023-06-26T11:54:59","slug":"acerca-de-nosotros","status":"publish","type":"page","link":"https:\/\/diverpatinplaya.com\/","title":{"rendered":"Acerca de nosotros"},"content":{"rendered":"\n<p>En DiverPatinPlaya, nuestra pasi\u00f3n por los deportes acu\u00e1ticos nos impuls\u00f3 a crear una empresa (MonRam) dedicada a brindar experiencias inolvidables en el agua. Fundada por Salvador Montalban y Xavier Ramon, dos amantes de la costa, hemos convertido nuestro amor por el mar en un negocio vibrante y emocionante. Nuestra misi\u00f3n es compartir la belleza y la diversi\u00f3n de las actividades acu\u00e1ticas con todos aquellos que buscan una experiencia \u00fanica en las playas. Nos enorgullece ofrecer equipos de alta calidad, un servicio excepcional y un compromiso con la preservaci\u00f3n del medio ambiente marino. \u00a1Ven y descubre todo lo que DiverPatinPlaya tiene para ofrecer!<\/p>\n","protected":false},"excerpt":{"rendered":"<p>En DiverPatinPlaya, nuestra pasi\u00f3n por los deportes acu\u00e1ticos nos impuls\u00f3 a crear una empresa (MonRam) dedicada a brindar experiencias inolvidables en el agua. Fundada por Salvador Montalban y Xavier Ramon, dos amantes de la costa, hemos convertido nuestro amor por el mar en un negocio vibrante y emocionante. Nuestra misi\u00f3n [&hellip;]<\/p>\n","protected":false},"author":1,"featured_media":39,"parent":0,"menu_order":0,"comment_status":"closed","ping_status":"closed","template":"","meta":{"om_disable_all_campaigns":false,"_mi_skip_tracking":false,"_monsterinsights_sitenote_active":false,"_monsterinsights_sitenote_note":"","_monsterinsights_sitenote_category":0},"aioseo_notices":[],"_links":{"self":[{"href":"https:\/\/diverpatinplaya.com\/index.php?rest_route=\/wp\/v2\/pages\/22"}],"collection":[{"href":"https:\/\/diverpatinplaya.com\/index.php?rest_route=\/wp\/v2\/pages"}],"about":[{"href":"https:\/\/diverpatinplaya.com\/index.php?rest_route=\/wp\/v2\/types\/page"}],"author":[{"embeddable":true,"href":"https:\/\/diverpatinplaya.com\/index.php?rest_route=\/wp\/v2\/users\/1"}],"replies":[{"embeddable":true,"href":"https:\/\/diverpatinplaya.com\/index.php?rest_route=%2Fwp%2Fv2%2Fcomments&post=22"}],"version-history":[{"count":2,"href":"https:\/\/diverpatinplaya.com\/index.php?rest_route=\/wp\/v2\/pages\/22\/revisions"}],"predecessor-version":[{"id":48,"href":"https:\/\/diverpatinplaya.com\/index.php?rest_route=\/wp\/v2\/pages\/22\/revisions\/48"}],"wp:featuredmedia":[{"embeddable":true,"href":"https:\/\/diverpatinplaya.com\/index.php?rest_route=\/wp\/v2\/media\/39"}],"wp:attachment":[{"href":"https:\/\/diverpatinplaya.com\/index.php?rest_route=%2Fwp%2Fv2%2Fmedia&parent=22"}],"curies":[{"name":"wp","href":"https:\/\/api.w.org\/{rel}","templated":true}]}}